{"id":608,"date":"2024-08-02T09:18:15","date_gmt":"2024-08-02T07:18:15","guid":{"rendered":"http:\/\/bernaleconomistas.es\/news-2\/"},"modified":"2024-10-08T11:37:58","modified_gmt":"2024-10-08T09:37:58","slug":"blog","status":"publish","type":"page","link":"https:\/\/bernaleconomistas.es\/en\/blog\/","title":{"rendered":"Blog"},"content":{"rendered":"<div data-elementor-type=\"wp-page\" data-elementor-id=\"608\" class=\"elementor elementor-608\" data-elementor-post-type=\"page\">\n\t\t\t\t\t\t<section class=\"elementor-section elementor-top-section elementor-element elementor-element-314019 elementor-section-height-min-height elementor-section-items-stretch elementor-hidden-mobile elementor-section-boxed elementor-section-height-default\" data-id=\"314019\" data-element_type=\"section\" data-settings=\"{&quot;background_background&quot;:&quot;classic&quot;}\">\n\t\t\t\t\t\t<div class=\"elementor-container elementor-column-gap-default\">\n\t\t\t\t\t<div class=\"elementor-column elementor-col-50 elementor-top-column elementor-element elementor-element-176cbf8d\" data-id=\"176cbf8d\" data-element_type=\"column\">\n\t\t\t<div class=\"elementor-widget-wrap elementor-element-populated\">\n\t\t\t\t\t\t<div class=\"elementor-element elementor-element-d290a82 elementor-widget elementor-widget-heading\" data-id=\"d290a82\" data-element_type=\"widget\" data-widget_type=\"heading.default\">\n\t\t\t\t<div class=\"elementor-widget-container\">\n\t\t\t\t\t<h3 class=\"elementor-heading-title elementor-size-default\">We keep you updated<\/h3>\t\t\t\t<\/div>\n\t\t\t\t<\/div>\n\t\t\t\t<div class=\"elementor-element elementor-element-75c869e1 elementor-widget elementor-widget-heading\" data-id=\"75c869e1\" data-element_type=\"widget\" data-widget_type=\"heading.default\">\n\t\t\t\t<div class=\"elementor-widget-container\">\n\t\t\t\t\t<h1 class=\"elementor-heading-title elementor-size-default translation-block\">News<br>and posts<\/h1>\t\t\t\t<\/div>\n\t\t\t\t<\/div>\n\t\t\t\t\t<\/div>\n\t\t<\/div>\n\t\t\t\t<div class=\"elementor-column elementor-col-50 elementor-top-column elementor-element elementor-element-4dc5087d\" data-id=\"4dc5087d\" data-element_type=\"column\">\n\t\t\t<div class=\"elementor-widget-wrap elementor-element-populated\">\n\t\t\t\t\t\t<div class=\"elementor-element elementor-element-33736f8 elementor-widget elementor-widget-text-editor\" data-id=\"33736f8\" data-element_type=\"widget\" data-widget_type=\"text-editor.default\">\n\t\t\t\t<div class=\"elementor-widget-container\">\n\t\t\t\t\t\t\t\t\t<p>Welcome to the Bernal Economistas blog: your source of information, practical advice and updates on tax, labor and accounting advice. Discover how to optimize the management of your business with our expert knowledge and stay up to date with the latest trends and regulations in the sector.<\/p>\t\t\t\t\t\t\t\t<\/div>\n\t\t\t\t<\/div>\n\t\t\t\t\t<\/div>\n\t\t<\/div>\n\t\t\t\t\t<\/div>\n\t\t<\/section>\n\t\t\t\t<section class=\"elementor-section elementor-top-section elementor-element elementor-element-e610c2f elementor-section-boxed elementor-section-height-default elementor-section-height-default\" data-id=\"e610c2f\" data-element_type=\"section\">\n\t\t\t\t\t\t<div class=\"elementor-container elementor-column-gap-default\">\n\t\t\t\t\t<div class=\"elementor-column elementor-col-100 elementor-top-column elementor-element elementor-element-1a172f81\" data-id=\"1a172f81\" data-element_type=\"column\">\n\t\t\t<div class=\"elementor-widget-wrap elementor-element-populated\">\n\t\t\t\t\t\t<div class=\"elementor-element elementor-element-3c9704d elementor-posts__hover-none elementor-grid-3 elementor-grid-tablet-2 elementor-grid-mobile-1 elementor-posts--thumbnail-top elementor-widget elementor-widget-posts\" data-id=\"3c9704d\" data-element_type=\"widget\" data-settings=\"{&quot;cards_columns&quot;:&quot;3&quot;,&quot;cards_columns_tablet&quot;:&quot;2&quot;,&quot;cards_columns_mobile&quot;:&quot;1&quot;,&quot;cards_row_gap&quot;:{&quot;unit&quot;:&quot;px&quot;,&quot;size&quot;:35,&quot;sizes&quot;:[]},&quot;cards_row_gap_tablet&quot;:{&quot;unit&quot;:&quot;px&quot;,&quot;size&quot;:&quot;&quot;,&quot;sizes&quot;:[]},&quot;cards_row_gap_mobile&quot;:{&quot;unit&quot;:&quot;px&quot;,&quot;size&quot;:&quot;&quot;,&quot;sizes&quot;:[]}}\" data-widget_type=\"posts.cards\">\n\t\t\t\t<div class=\"elementor-widget-container\">\n\t\t\t\t\t\t\t<div class=\"elementor-posts-container elementor-posts elementor-posts--skin-cards elementor-grid\">\n\t\t\t\t<article class=\"elementor-post elementor-grid-item post-907 post type-post status-publish format-standard has-post-thumbnail hentry category-sin-categoria\">\n\t\t\t<div class=\"elementor-post__card\">\n\t\t\t\t<a class=\"elementor-post__thumbnail__link\" href=\"https:\/\/bernaleconomistas.es\/en\/la-importancia-de-una-gestion-laboral-eficiente-en-tu-empresa-reduccion-de-costes\/\" tabindex=\"-1\" ><div class=\"elementor-post__thumbnail\"><img fetchpriority=\"high\" decoding=\"async\" width=\"1500\" height=\"1000\" src=\"https:\/\/bernaleconomistas.es\/wp-content\/uploads\/2024\/08\/2148780563-1.jpg\" class=\"attachment-full size-full wp-image-909\" alt=\"\" srcset=\"https:\/\/bernaleconomistas.es\/wp-content\/uploads\/2024\/08\/2148780563-1.jpg 1500w, https:\/\/bernaleconomistas.es\/wp-content\/uploads\/2024\/08\/2148780563-1-300x200.jpg 300w, https:\/\/bernaleconomistas.es\/wp-content\/uploads\/2024\/08\/2148780563-1-1024x683.jpg 1024w, https:\/\/bernaleconomistas.es\/wp-content\/uploads\/2024\/08\/2148780563-1-768x512.jpg 768w\" sizes=\"(max-width: 1500px) 100vw, 1500px\" \/><\/div><\/a>\n\t\t\t\t<div class=\"elementor-post__text\">\n\t\t\t\t<h3 class=\"elementor-post__title\">\n\t\t\t<a href=\"https:\/\/bernaleconomistas.es\/en\/la-importancia-de-una-gestion-laboral-eficiente-en-tu-empresa-reduccion-de-costes\/\" >\n\t\t\t\tThe Importance of Efficient Labor Management in your Company: Cost Reduction\t\t\t<\/a>\n\t\t<\/h3>\n\t\t\t\t<div class=\"elementor-post__excerpt\">\n\t\t\t<p>In today's competitive business environment, finding ways to reduce costs without sacrificing quality of work is a priority for any company. Efficient labor management is key to achieving this objective. At \u201cBernal Economistas\u201d, we understand that proper human resource management not only improves productivity, but also has a significant impact on cost reduction. In this post, we will explore how efficient labor management can help you save money and optimize the operation of your company.<\/p>\n\t\t<\/div>\n\t\t\n\t\t<a class=\"elementor-post__read-more\" href=\"https:\/\/bernaleconomistas.es\/en\/la-importancia-de-una-gestion-laboral-eficiente-en-tu-empresa-reduccion-de-costes\/\" aria-label=\"Read more about La Importancia de una Gesti\u00f3n Laboral Eficiente en tu Empresa: Reducci\u00f3n de Costes\" tabindex=\"-1\" >\n\t\t\tLeer m\u00e1s \u00bb\t\t<\/a>\n\n\t\t\t\t<\/div>\n\t\t\t\t<div class=\"elementor-post__meta-data\">\n\t\t\t\t\t<span class=\"elementor-post-date\">\n\t\t\tAugust 6, 2024\t\t<\/span>\n\t\t\t\t<\/div>\n\t\t\t\t\t<\/div>\n\t\t<\/article>\n\t\t\t\t<article class=\"elementor-post elementor-grid-item post-895 post type-post status-publish format-standard has-post-thumbnail hentry category-sin-categoria\">\n\t\t\t<div class=\"elementor-post__card\">\n\t\t\t\t<a class=\"elementor-post__thumbnail__link\" href=\"https:\/\/bernaleconomistas.es\/en\/contabilidad-para-autonomos-errores-comunes-y-como-evitarlos\/\" tabindex=\"-1\" ><div class=\"elementor-post__thumbnail\"><img decoding=\"async\" width=\"1500\" height=\"988\" src=\"https:\/\/bernaleconomistas.es\/wp-content\/uploads\/2024\/08\/1411-1.jpg\" class=\"attachment-full size-full wp-image-903\" alt=\"\" srcset=\"https:\/\/bernaleconomistas.es\/wp-content\/uploads\/2024\/08\/1411-1.jpg 1500w, https:\/\/bernaleconomistas.es\/wp-content\/uploads\/2024\/08\/1411-1-300x198.jpg 300w, https:\/\/bernaleconomistas.es\/wp-content\/uploads\/2024\/08\/1411-1-1024x674.jpg 1024w, https:\/\/bernaleconomistas.es\/wp-content\/uploads\/2024\/08\/1411-1-768x506.jpg 768w\" sizes=\"(max-width: 1500px) 100vw, 1500px\" \/><\/div><\/a>\n\t\t\t\t<div class=\"elementor-post__text\">\n\t\t\t\t<h3 class=\"elementor-post__title\">\n\t\t\t<a href=\"https:\/\/bernaleconomistas.es\/en\/contabilidad-para-autonomos-errores-comunes-y-como-evitarlos\/\" >\n\t\t\t\tAccounting for the Self-Employed: Common Mistakes and How to Avoid Them\t\t\t<\/a>\n\t\t<\/h3>\n\t\t\t\t<div class=\"elementor-post__excerpt\">\n\t\t\t<p>Accounting is a crucial aspect for any freelancer. Keeping proper control of your finances not only allows you to comply with tax obligations, but also helps you make informed decisions and maintain the financial health of your business. However, it is common to make mistakes that can have negative consequences. In this post, we explore some of the most common mistakes in freelance accounting and how you can avoid them.<\/p>\n\t\t<\/div>\n\t\t\n\t\t<a class=\"elementor-post__read-more\" href=\"https:\/\/bernaleconomistas.es\/en\/contabilidad-para-autonomos-errores-comunes-y-como-evitarlos\/\" aria-label=\"Read more about Contabilidad para Aut\u00f3nomos: Errores Comunes y C\u00f3mo Evitarlos\" tabindex=\"-1\" >\n\t\t\tLeer m\u00e1s \u00bb\t\t<\/a>\n\n\t\t\t\t<\/div>\n\t\t\t\t<div class=\"elementor-post__meta-data\">\n\t\t\t\t\t<span class=\"elementor-post-date\">\n\t\t\tAugust 6, 2024\t\t<\/span>\n\t\t\t\t<\/div>\n\t\t\t\t\t<\/div>\n\t\t<\/article>\n\t\t\t\t<article class=\"elementor-post elementor-grid-item post-600 post type-post status-publish format-standard has-post-thumbnail hentry category-sin-categoria\">\n\t\t\t<div class=\"elementor-post__card\">\n\t\t\t\t<a class=\"elementor-post__thumbnail__link\" href=\"https:\/\/bernaleconomistas.es\/en\/la-importancia-de-una-gestion-laboral-eficiente-en-tu-empresa\/\" tabindex=\"-1\" ><div class=\"elementor-post__thumbnail\"><img decoding=\"async\" width=\"1500\" height=\"1000\" src=\"https:\/\/bernaleconomistas.es\/wp-content\/uploads\/2024\/08\/13167-1.jpg\" class=\"attachment-full size-full wp-image-817\" alt=\"\" srcset=\"https:\/\/bernaleconomistas.es\/wp-content\/uploads\/2024\/08\/13167-1.jpg 1500w, https:\/\/bernaleconomistas.es\/wp-content\/uploads\/2024\/08\/13167-1-300x200.jpg 300w, https:\/\/bernaleconomistas.es\/wp-content\/uploads\/2024\/08\/13167-1-1024x683.jpg 1024w, https:\/\/bernaleconomistas.es\/wp-content\/uploads\/2024\/08\/13167-1-768x512.jpg 768w\" sizes=\"(max-width: 1500px) 100vw, 1500px\" \/><\/div><\/a>\n\t\t\t\t<div class=\"elementor-post__text\">\n\t\t\t\t<h3 class=\"elementor-post__title\">\n\t\t\t<a href=\"https:\/\/bernaleconomistas.es\/en\/la-importancia-de-una-gestion-laboral-eficiente-en-tu-empresa\/\" >\n\t\t\t\tThe Importance of Efficient Labor Management in your Company\t\t\t<\/a>\n\t\t<\/h3>\n\t\t\t\t<div class=\"elementor-post__excerpt\">\n\t\t\t<p>At \u201cBernal Economistas\u201d, we understand that efficient labor management not only improves employee productivity and morale, but also ensures compliance with labor regulations and minimizes legal risks.<\/p>\n\t\t<\/div>\n\t\t\n\t\t<a class=\"elementor-post__read-more\" href=\"https:\/\/bernaleconomistas.es\/en\/la-importancia-de-una-gestion-laboral-eficiente-en-tu-empresa\/\" aria-label=\"Read more about La Importancia de una Gesti\u00f3n Laboral Eficiente en tu Empresa\" tabindex=\"-1\" >\n\t\t\tLeer m\u00e1s \u00bb\t\t<\/a>\n\n\t\t\t\t<\/div>\n\t\t\t\t<div class=\"elementor-post__meta-data\">\n\t\t\t\t\t<span class=\"elementor-post-date\">\n\t\t\tAugust 2, 2024\t\t<\/span>\n\t\t\t\t<\/div>\n\t\t\t\t\t<\/div>\n\t\t<\/article>\n\t\t\t\t<\/div>\n\t\t\n\t\t\t\t\t\t<\/div>\n\t\t\t\t<\/div>\n\t\t\t\t<div class=\"elementor-element elementor-element-5b4cf0a8 elementor-widget__width-auto elementor-absolute elementor-view-default elementor-widget elementor-widget-icon\" data-id=\"5b4cf0a8\" data-element_type=\"widget\" data-settings=\"{&quot;_position&quot;:&quot;absolute&quot;}\" data-widget_type=\"icon.default\">\n\t\t\t\t<div class=\"elementor-widget-container\">\n\t\t\t\t\t\t\t<div class=\"elementor-icon-wrapper\">\n\t\t\t<div class=\"elementor-icon\">\n\t\t\t<svg xmlns=\"http:\/\/www.w3.org\/2000\/svg\" id=\"a72f1db4-4b9f-4cbc-ac4c-a54efeaf8336\" data-name=\"Layer 1\" width=\"100\" height=\"100\" viewbox=\"0 0 100 100\"><title>Shape<\/title><path id=\"aecdc5f9-a79f-465f-8b06-186d589ccd57\" data-name=\"Shape\" d=\"M0,100V0H50V50h50v50Z\" style=\"fill-rule:evenodd\"><\/path><\/svg>\t\t\t<\/div>\n\t\t<\/div>\n\t\t\t\t\t\t<\/div>\n\t\t\t\t<\/div>\n\t\t\t\t<div class=\"elementor-element elementor-element-76652eb7 elementor-widget__width-auto elementor-absolute elementor-view-default elementor-widget elementor-widget-icon\" data-id=\"76652eb7\" data-element_type=\"widget\" data-settings=\"{&quot;_position&quot;:&quot;absolute&quot;}\" data-widget_type=\"icon.default\">\n\t\t\t\t<div class=\"elementor-widget-container\">\n\t\t\t\t\t\t\t<div class=\"elementor-icon-wrapper\">\n\t\t\t<div class=\"elementor-icon\">\n\t\t\t<svg xmlns=\"http:\/\/www.w3.org\/2000\/svg\" id=\"a72f1db4-4b9f-4cbc-ac4c-a54efeaf8336\" data-name=\"Layer 1\" width=\"100\" height=\"100\" viewbox=\"0 0 100 100\"><title>Shape<\/title><path id=\"aecdc5f9-a79f-465f-8b06-186d589ccd57\" data-name=\"Shape\" d=\"M0,100V0H50V50h50v50Z\" style=\"fill-rule:evenodd\"><\/path><\/svg>\t\t\t<\/div>\n\t\t<\/div>\n\t\t\t\t\t\t<\/div>\n\t\t\t\t<\/div>\n\t\t\t\t\t<\/div>\n\t\t<\/div>\n\t\t\t\t\t<\/div>\n\t\t<\/section>\n\t\t\t\t<section class=\"elementor-section elementor-top-section elementor-element elementor-element-d893018 elementor-section-height-min-height elementor-section-items-stretch elementor-hidden-desktop elementor-hidden-tablet elementor-section-boxed elementor-section-height-default\" data-id=\"d893018\" data-element_type=\"section\" data-settings=\"{&quot;background_background&quot;:&quot;classic&quot;}\">\n\t\t\t\t\t\t<div class=\"elementor-container elementor-column-gap-default\">\n\t\t\t\t\t<div class=\"elementor-column elementor-col-50 elementor-top-column elementor-element elementor-element-52208c2\" data-id=\"52208c2\" data-element_type=\"column\">\n\t\t\t<div class=\"elementor-widget-wrap elementor-element-populated\">\n\t\t\t\t\t\t<div class=\"elementor-element elementor-element-0c47350 elementor-widget elementor-widget-heading\" data-id=\"0c47350\" data-element_type=\"widget\" data-widget_type=\"heading.default\">\n\t\t\t\t<div class=\"elementor-widget-container\">\n\t\t\t\t\t<h3 class=\"elementor-heading-title elementor-size-default\">We keep you updated<\/h3>\t\t\t\t<\/div>\n\t\t\t\t<\/div>\n\t\t\t\t<div class=\"elementor-element elementor-element-9445a19 elementor-widget elementor-widget-heading\" data-id=\"9445a19\" data-element_type=\"widget\" data-widget_type=\"heading.default\">\n\t\t\t\t<div class=\"elementor-widget-container\">\n\t\t\t\t\t<h1 class=\"elementor-heading-title elementor-size-default translation-block\">News<br>and posts<\/h1>\t\t\t\t<\/div>\n\t\t\t\t<\/div>\n\t\t\t\t\t<\/div>\n\t\t<\/div>\n\t\t\t\t<div class=\"elementor-column elementor-col-50 elementor-top-column elementor-element elementor-element-55c1c99\" data-id=\"55c1c99\" data-element_type=\"column\">\n\t\t\t<div class=\"elementor-widget-wrap elementor-element-populated\">\n\t\t\t\t\t\t<div class=\"elementor-element elementor-element-753ea16 elementor-widget elementor-widget-text-editor\" data-id=\"753ea16\" data-element_type=\"widget\" data-widget_type=\"text-editor.default\">\n\t\t\t\t<div class=\"elementor-widget-container\">\n\t\t\t\t\t\t\t\t\t<p>Welcome to the Bernal Economistas blog: your source of information, practical advice and updates on tax, labor and accounting advice. Discover how to optimize the management of your business with our expert knowledge and stay up to date with the latest trends and regulations in the sector.<\/p>\t\t\t\t\t\t\t\t<\/div>\n\t\t\t\t<\/div>\n\t\t\t\t\t<\/div>\n\t\t<\/div>\n\t\t\t\t\t<\/div>\n\t\t<\/section>\n\t\t\t\t<\/div>","protected":false},"excerpt":{"rendered":"<p>Le mantenemos actualizado Novedadesy posts Bienvenido al blog de Bernal Economistas: tu fuente de informaci\u00f3n, consejos pr\u00e1cticos y actualizaciones en asesoramiento fiscal, laboral y contable. Descubre c\u00f3mo optimizar la gesti\u00f3n de tu negocio con nuestro conocimiento experto y mantente al d\u00eda con las \u00faltimas tendencias y normativas del sector. Shape Shape Le mantenemos actualizado Novedadesy [&hellip;]<\/p>","protected":false},"author":1,"featured_media":611,"parent":0,"menu_order":0,"comment_status":"closed","ping_status":"closed","template":"elementor_header_footer","meta":{"footnotes":""},"class_list":["post-608","page","type-page","status-publish","has-post-thumbnail","hentry"],"yoast_head":"<!-- This site is optimized with the Yoast SEO plugin v26.0 - https:\/\/yoast.com\/wordpress\/plugins\/seo\/ -->\n<title>Blog - Bernal Economistas<\/title>\n<meta name=\"robots\" content=\"index, follow, max-snippet:-1, max-image-preview:large, max-video-preview:-1\" \/>\n<link rel=\"canonical\" href=\"https:\/\/bernaleconomistas.es\/en\/blog\/\" \/>\n<meta property=\"og:locale\" content=\"en_GB\" \/>\n<meta property=\"og:type\" content=\"article\" \/>\n<meta property=\"og:title\" content=\"Blog - Bernal Economistas\" \/>\n<meta property=\"og:description\" content=\"Le mantenemos actualizado Novedadesy posts Bienvenido al blog de Bernal Economistas: tu fuente de informaci\u00f3n, consejos pr\u00e1cticos y actualizaciones en asesoramiento fiscal, laboral y contable. Descubre c\u00f3mo optimizar la gesti\u00f3n de tu negocio con nuestro conocimiento experto y mantente al d\u00eda con las \u00faltimas tendencias y normativas del sector. Shape Shape Le mantenemos actualizado Novedadesy [&hellip;]\" \/>\n<meta property=\"og:url\" content=\"https:\/\/bernaleconomistas.es\/en\/blog\/\" \/>\n<meta property=\"og:site_name\" content=\"Bernal Economistas\" \/>\n<meta property=\"article:modified_time\" content=\"2024-10-08T09:37:58+00:00\" \/>\n<meta property=\"og:image\" content=\"https:\/\/bernaleconomistas.es\/wp-content\/uploads\/2024\/08\/Archive-2.jpg\" \/>\n\t<meta property=\"og:image:width\" content=\"400\" \/>\n\t<meta property=\"og:image:height\" content=\"380\" \/>\n\t<meta property=\"og:image:type\" content=\"image\/jpeg\" \/>\n<meta name=\"twitter:card\" content=\"summary_large_image\" \/>\n<meta name=\"twitter:label1\" content=\"Estimated reading time\" \/>\n\t<meta name=\"twitter:data1\" content=\"3 minutes\" \/>\n<script type=\"application\/ld+json\" class=\"yoast-schema-graph\">{\"@context\":\"https:\/\/schema.org\",\"@graph\":[{\"@type\":\"WebPage\",\"@id\":\"https:\/\/bernaleconomistas.es\/en\/blog\/\",\"url\":\"https:\/\/bernaleconomistas.es\/en\/blog\/\",\"name\":\"Blog - Bernal Economistas\",\"isPartOf\":{\"@id\":\"https:\/\/bernaleconomistas.es\/en\/#website\"},\"primaryImageOfPage\":{\"@id\":\"https:\/\/bernaleconomistas.es\/en\/blog\/#primaryimage\"},\"image\":{\"@id\":\"https:\/\/bernaleconomistas.es\/en\/blog\/#primaryimage\"},\"thumbnailUrl\":\"https:\/\/bernaleconomistas.es\/wp-content\/uploads\/2024\/08\/Archive-2.jpg\",\"datePublished\":\"2024-08-02T07:18:15+00:00\",\"dateModified\":\"2024-10-08T09:37:58+00:00\",\"breadcrumb\":{\"@id\":\"https:\/\/bernaleconomistas.es\/en\/blog\/#breadcrumb\"},\"inLanguage\":\"en-GB\",\"potentialAction\":[{\"@type\":\"ReadAction\",\"target\":[\"https:\/\/bernaleconomistas.es\/en\/blog\/\"]}]},{\"@type\":\"ImageObject\",\"inLanguage\":\"en-GB\",\"@id\":\"https:\/\/bernaleconomistas.es\/en\/blog\/#primaryimage\",\"url\":\"https:\/\/bernaleconomistas.es\/wp-content\/uploads\/2024\/08\/Archive-2.jpg\",\"contentUrl\":\"https:\/\/bernaleconomistas.es\/wp-content\/uploads\/2024\/08\/Archive-2.jpg\",\"width\":400,\"height\":380},{\"@type\":\"BreadcrumbList\",\"@id\":\"https:\/\/bernaleconomistas.es\/en\/blog\/#breadcrumb\",\"itemListElement\":[{\"@type\":\"ListItem\",\"position\":1,\"name\":\"Portada\",\"item\":\"https:\/\/bernaleconomistas.es\/en\/\"},{\"@type\":\"ListItem\",\"position\":2,\"name\":\"Blog\"}]},{\"@type\":\"WebSite\",\"@id\":\"https:\/\/bernaleconomistas.es\/en\/#website\",\"url\":\"https:\/\/bernaleconomistas.es\/en\/\",\"name\":\"Bernal Economistas\",\"description\":\"Asesoramiento Fiscal, Laboral y Contable.\",\"publisher\":{\"@id\":\"https:\/\/bernaleconomistas.es\/en\/#organization\"},\"potentialAction\":[{\"@type\":\"SearchAction\",\"target\":{\"@type\":\"EntryPoint\",\"urlTemplate\":\"https:\/\/bernaleconomistas.es\/en\/?s={search_term_string}\"},\"query-input\":{\"@type\":\"PropertyValueSpecification\",\"valueRequired\":true,\"valueName\":\"search_term_string\"}}],\"inLanguage\":\"en-GB\"},{\"@type\":\"Organization\",\"@id\":\"https:\/\/bernaleconomistas.es\/en\/#organization\",\"name\":\"Bernal Economistas\",\"url\":\"https:\/\/bernaleconomistas.es\/en\/\",\"logo\":{\"@type\":\"ImageObject\",\"inLanguage\":\"en-GB\",\"@id\":\"https:\/\/bernaleconomistas.es\/en\/#\/schema\/logo\/image\/\",\"url\":\"https:\/\/bernaleconomistas.es\/wp-content\/uploads\/2024\/08\/Logo-Bernal-economistas.png\",\"contentUrl\":\"https:\/\/bernaleconomistas.es\/wp-content\/uploads\/2024\/08\/Logo-Bernal-economistas.png\",\"width\":2465,\"height\":1861,\"caption\":\"Bernal Economistas\"},\"image\":{\"@id\":\"https:\/\/bernaleconomistas.es\/en\/#\/schema\/logo\/image\/\"}}]}<\/script>\n<!-- \/ Yoast SEO plugin. -->","yoast_head_json":{"title":"Blog - Bernal Economistas","robots":{"index":"index","follow":"follow","max-snippet":"max-snippet:-1","max-image-preview":"max-image-preview:large","max-video-preview":"max-video-preview:-1"},"canonical":"https:\/\/bernaleconomistas.es\/en\/blog\/","og_locale":"en_GB","og_type":"article","og_title":"Blog - Bernal Economistas","og_description":"Le mantenemos actualizado Novedadesy posts Bienvenido al blog de Bernal Economistas: tu fuente de informaci\u00f3n, consejos pr\u00e1cticos y actualizaciones en asesoramiento fiscal, laboral y contable. Descubre c\u00f3mo optimizar la gesti\u00f3n de tu negocio con nuestro conocimiento experto y mantente al d\u00eda con las \u00faltimas tendencias y normativas del sector. Shape Shape Le mantenemos actualizado Novedadesy [&hellip;]","og_url":"https:\/\/bernaleconomistas.es\/en\/blog\/","og_site_name":"Bernal Economistas","article_modified_time":"2024-10-08T09:37:58+00:00","og_image":[{"width":400,"height":380,"url":"https:\/\/bernaleconomistas.es\/wp-content\/uploads\/2024\/08\/Archive-2.jpg","type":"image\/jpeg"}],"twitter_card":"summary_large_image","twitter_misc":{"Estimated reading time":"3 minutes"},"schema":{"@context":"https:\/\/schema.org","@graph":[{"@type":"WebPage","@id":"https:\/\/bernaleconomistas.es\/en\/blog\/","url":"https:\/\/bernaleconomistas.es\/en\/blog\/","name":"Blog - Bernal Economistas","isPartOf":{"@id":"https:\/\/bernaleconomistas.es\/en\/#website"},"primaryImageOfPage":{"@id":"https:\/\/bernaleconomistas.es\/en\/blog\/#primaryimage"},"image":{"@id":"https:\/\/bernaleconomistas.es\/en\/blog\/#primaryimage"},"thumbnailUrl":"https:\/\/bernaleconomistas.es\/wp-content\/uploads\/2024\/08\/Archive-2.jpg","datePublished":"2024-08-02T07:18:15+00:00","dateModified":"2024-10-08T09:37:58+00:00","breadcrumb":{"@id":"https:\/\/bernaleconomistas.es\/en\/blog\/#breadcrumb"},"inLanguage":"en-GB","potentialAction":[{"@type":"ReadAction","target":["https:\/\/bernaleconomistas.es\/en\/blog\/"]}]},{"@type":"ImageObject","inLanguage":"en-GB","@id":"https:\/\/bernaleconomistas.es\/en\/blog\/#primaryimage","url":"https:\/\/bernaleconomistas.es\/wp-content\/uploads\/2024\/08\/Archive-2.jpg","contentUrl":"https:\/\/bernaleconomistas.es\/wp-content\/uploads\/2024\/08\/Archive-2.jpg","width":400,"height":380},{"@type":"BreadcrumbList","@id":"https:\/\/bernaleconomistas.es\/en\/blog\/#breadcrumb","itemListElement":[{"@type":"ListItem","position":1,"name":"Portada","item":"https:\/\/bernaleconomistas.es\/en\/"},{"@type":"ListItem","position":2,"name":"Blog"}]},{"@type":"WebSite","@id":"https:\/\/bernaleconomistas.es\/en\/#website","url":"https:\/\/bernaleconomistas.es\/en\/","name":"Bernal Economistas","description":"Asesoramiento Fiscal, Laboral y Contable.","publisher":{"@id":"https:\/\/bernaleconomistas.es\/en\/#organization"},"potentialAction":[{"@type":"SearchAction","target":{"@type":"EntryPoint","urlTemplate":"https:\/\/bernaleconomistas.es\/en\/?s={search_term_string}"},"query-input":{"@type":"PropertyValueSpecification","valueRequired":true,"valueName":"search_term_string"}}],"inLanguage":"en-GB"},{"@type":"Organization","@id":"https:\/\/bernaleconomistas.es\/en\/#organization","name":"Bernal Economistas","url":"https:\/\/bernaleconomistas.es\/en\/","logo":{"@type":"ImageObject","inLanguage":"en-GB","@id":"https:\/\/bernaleconomistas.es\/en\/#\/schema\/logo\/image\/","url":"https:\/\/bernaleconomistas.es\/wp-content\/uploads\/2024\/08\/Logo-Bernal-economistas.png","contentUrl":"https:\/\/bernaleconomistas.es\/wp-content\/uploads\/2024\/08\/Logo-Bernal-economistas.png","width":2465,"height":1861,"caption":"Bernal Economistas"},"image":{"@id":"https:\/\/bernaleconomistas.es\/en\/#\/schema\/logo\/image\/"}}]}},"_links":{"self":[{"href":"https:\/\/bernaleconomistas.es\/en\/wp-json\/wp\/v2\/pages\/608","targetHints":{"allow":["GET"]}}],"collection":[{"href":"https:\/\/bernaleconomistas.es\/en\/wp-json\/wp\/v2\/pages"}],"about":[{"href":"https:\/\/bernaleconomistas.es\/en\/wp-json\/wp\/v2\/types\/page"}],"author":[{"embeddable":true,"href":"https:\/\/bernaleconomistas.es\/en\/wp-json\/wp\/v2\/users\/1"}],"replies":[{"embeddable":true,"href":"https:\/\/bernaleconomistas.es\/en\/wp-json\/wp\/v2\/comments?post=608"}],"version-history":[{"count":0,"href":"https:\/\/bernaleconomistas.es\/en\/wp-json\/wp\/v2\/pages\/608\/revisions"}],"wp:featuredmedia":[{"embeddable":true,"href":"https:\/\/bernaleconomistas.es\/en\/wp-json\/wp\/v2\/media\/611"}],"wp:attachment":[{"href":"https:\/\/bernaleconomistas.es\/en\/wp-json\/wp\/v2\/media?parent=608"}],"curies":[{"name":"wp","href":"https:\/\/api.w.org\/{rel}","templated":true}]}}